{"id":4412,"date":"2020-02-21T13:58:15","date_gmt":"2020-02-21T16:58:15","guid":{"rendered":"http:\/\/192.168.1.215\/?page_id=4412"},"modified":"2020-06-08T16:23:22","modified_gmt":"2020-06-08T19:23:22","slug":"o-plano","status":"publish","type":"page","link":"https:\/\/pdrhsf1.com.br\/?page_id=4412","title":{"rendered":"O PLANO"},"content":{"rendered":"\t\t<div data-elementor-type=\"wp-page\" data-elementor-id=\"4412\" class=\"elementor elementor-4412\" data-elementor-settings=\"[]\">\n\t\t\t<div class=\"elementor-inner\">\n\t\t\t\t<div class=\"elementor-section-wrap\">\n\t\t\t\t\t\t\t<section class=\"elementor-element elementor-element-7caed8e elementor-section-boxed elementor-section-height-default elementor-section-height-default elementor-section elementor-top-section\" data-id=\"7caed8e\" data-element_type=\"section\">\n\t\t\t\t\t\t<div class=\"elementor-container elementor-column-gap-default\">\n\t\t\t\t<div class=\"elementor-row\">\n\t\t\t\t<div class=\"elementor-element elementor-element-eec46c3 elementor-column elementor-col-100 elementor-top-column\" data-id=\"eec46c3\" data-element_type=\"column\">\n\t\t\t<div class=\"elementor-column-wrap  elementor-element-populated\">\n\t\t\t\t\t<div class=\"elementor-widget-wrap\">\n\t\t\t\t<div class=\"elementor-element elementor-element-b5aaa04 elementor-widget elementor-widget-spacer\" data-id=\"b5aaa04\" data-element_type=\"widget\" data-widget_type=\"spacer.default\">\n\t\t\t\t<div class=\"elementor-widget-container\">\n\t\t\t\t\t<div class=\"elementor-spacer\">\n\t\t\t<div class=\"elementor-spacer-inner\"><\/div>\n\t\t<\/div>\n\t\t\t\t<\/div>\n\t\t\t\t<\/div>\n\t\t\t\t\t\t<\/div>\n\t\t\t<\/div>\n\t\t<\/div>\n\t\t\t\t\t\t<\/div>\n\t\t\t<\/div>\n\t\t<\/section>\n\t\t\t\t<section class=\"elementor-element elementor-element-3d5d4a6 elementor-section-boxed elementor-section-height-default elementor-section-height-default elementor-section elementor-top-section\" data-id=\"3d5d4a6\" data-element_type=\"section\">\n\t\t\t\t\t\t<div class=\"elementor-container elementor-column-gap-default\">\n\t\t\t\t<div class=\"elementor-row\">\n\t\t\t\t<div class=\"elementor-element elementor-element-276d89f elementor-column elementor-col-100 elementor-top-column\" data-id=\"276d89f\" data-element_type=\"column\">\n\t\t\t<div class=\"elementor-column-wrap  elementor-element-populated\">\n\t\t\t\t\t<div class=\"elementor-widget-wrap\">\n\t\t\t\t<div class=\"elementor-element elementor-element-22ba3e7 elementor-widget elementor-widget-spacer\" data-id=\"22ba3e7\" data-element_type=\"widget\" data-widget_type=\"spacer.default\">\n\t\t\t\t<div class=\"elementor-widget-container\">\n\t\t\t\t\t<div class=\"elementor-spacer\">\n\t\t\t<div class=\"elementor-spacer-inner\"><\/div>\n\t\t<\/div>\n\t\t\t\t<\/div>\n\t\t\t\t<\/div>\n\t\t\t\t\t\t<\/div>\n\t\t\t<\/div>\n\t\t<\/div>\n\t\t\t\t\t\t<\/div>\n\t\t\t<\/div>\n\t\t<\/section>\n\t\t\t\t<section class=\"elementor-element elementor-element-400c8195 elementor-section-boxed elementor-section-height-default elementor-section-height-default elementor-invisible elementor-section elementor-top-section\" data-id=\"400c8195\" data-element_type=\"section\" data-settings=\"{&quot;animation&quot;:&quot;fadeIn&quot;,&quot;animation_tablet&quot;:&quot;fadeIn&quot;,&quot;animation_mobile&quot;:&quot;fadeIn&quot;}\">\n\t\t\t\t\t\t<div class=\"elementor-container elementor-column-gap-default\">\n\t\t\t\t<div class=\"elementor-row\">\n\t\t\t\t<div class=\"elementor-element elementor-element-376a0821 elementor-column elementor-col-100 elementor-top-column\" data-id=\"376a0821\" data-element_type=\"column\">\n\t\t\t<div class=\"elementor-column-wrap  elementor-element-populated\">\n\t\t\t\t\t<div class=\"elementor-widget-wrap\">\n\t\t\t\t<div class=\"elementor-element elementor-element-73cbddd8 elementor-widget elementor-widget-heading\" data-id=\"73cbddd8\" data-element_type=\"widget\" data-widget_type=\"heading.default\">\n\t\t\t\t<div class=\"elementor-widget-container\">\n\t\t\t<h1 class=\"elementor-heading-title elementor-size-default\">O PLANO<\/h1>\t\t<\/div>\n\t\t\t\t<\/div>\n\t\t\t\t\t\t<\/div>\n\t\t\t<\/div>\n\t\t<\/div>\n\t\t\t\t\t\t<\/div>\n\t\t\t<\/div>\n\t\t<\/section>\n\t\t\t\t<section class=\"elementor-element elementor-element-304348e6 elementor-section-boxed elementor-section-height-default elementor-section-height-default elementor-section elementor-top-section\" data-id=\"304348e6\" data-element_type=\"section\">\n\t\t\t\t\t\t<div class=\"elementor-container elementor-column-gap-default\">\n\t\t\t\t<div class=\"elementor-row\">\n\t\t\t\t<div class=\"elementor-element elementor-element-d0ffcde elementor-column elementor-col-100 elementor-top-column\" data-id=\"d0ffcde\" data-element_type=\"column\">\n\t\t\t<div class=\"elementor-column-wrap  elementor-element-populated\">\n\t\t\t\t\t<div class=\"elementor-widget-wrap\">\n\t\t\t\t<div class=\"elementor-element elementor-element-4d4b0789 elementor-widget elementor-widget-text-editor\" data-id=\"4d4b0789\" data-element_type=\"widget\" data-widget_type=\"text-editor.default\">\n\t\t\t\t<div class=\"elementor-widget-container\">\n\t\t\t\t\t<div class=\"elementor-text-editor elementor-clearfix\"><p>O Plano Diretor de Recursos H\u00eddricos (PDRH) e o Enquadramento de Corpos de \u00c1gua (ECA) para a Bacia Hidrogr\u00e1fica dos Afluentes do Alto S\u00e3o Francisco visam fundamentar e orientar a gest\u00e3o dos recursos h\u00eddricos na bacia, de forma a identificar os principais problemas e conflitos relacionados aos usos de \u00e1gua, propor alternativas de compatibiliza\u00e7\u00e3o entre disponibilidade e demanda, metas de qualidade da \u00e1gua, programas e projetos a serem implementados a curto, m\u00e9dio e longo prazo, estabelecer diretrizes e crit\u00e9rios para a implementa\u00e7\u00e3o dos outros instrumentos de gest\u00e3o e, subsidiar os Comit\u00eas de Bacias e os demais componentes do Sistema Estadual de Gerenciamento de Recursos H\u00eddricos (SEGRH) nas tomadas de decis\u00f5es.<\/p>\n<p>Esses instrumentos subsidiar\u00e3o a tomada de decis\u00e3o, com informa\u00e7\u00f5es para as an\u00e1lises de quest\u00f5es relacionadas aos recursos h\u00eddricos da bacia, a formula\u00e7\u00e3o de pareceres e as decis\u00f5es, de modo a orientar solu\u00e7\u00f5es de conflitos dos usos das \u00e1guas, de processos de outorgas e \u00e0 prioriza\u00e7\u00e3o de a\u00e7\u00f5es e projetos na bacia.<\/p>\n<p>A elabora\u00e7\u00e3o do enquadramento servir\u00e1 para estabelecer programas e a\u00e7\u00f5es que permitam promover a manuten\u00e7\u00e3o e\/ou melhoria da qualidade dos corpos de \u00e1gua, seja pelo gerenciamento dos recursos h\u00eddricos, ou por medidas reguladoras de usos das \u00e1guas, ou por restri\u00e7\u00f5es no licenciamento ambiental ou pela implementa\u00e7\u00e3o dos outros instrumentos estabelecidos pela Lei Estadual 13.199, de 29 de janeiro de 1999, que disp\u00f5e sobre a Pol\u00edtica Estadual de Recursos H\u00eddricos.<\/p>\n<p>O Plano Diretor de Recursos H\u00eddricos (PDRH) e do Enquadramento de Corpos de \u00c1gua (ECA) estabelecer\u00e3o metas, e os meios de alcan\u00e7\u00e1-las, em um horizonte de planejamento de 20 anos, considerando horizontes e metas intermedi\u00e1rias, propostas para intervalos de 5 anos, dividido em curto (5 anos), m\u00e9dio (10 anos) e longo (15 e 20 anos) prazos.<\/p><\/div>\n\t\t\t\t<\/div>\n\t\t\t\t<\/div>\n\t\t\t\t\t\t<\/div>\n\t\t\t<\/div>\n\t\t<\/div>\n\t\t\t\t\t\t<\/div>\n\t\t\t<\/div>\n\t\t<\/section>\n\t\t\t\t<section class=\"elementor-element elementor-element-6089cb2a elementor-section-boxed elementor-section-height-default elementor-section-height-default elementor-invisible elementor-section elementor-top-section\" data-id=\"6089cb2a\" data-element_type=\"section\" data-settings=\"{&quot;animation&quot;:&quot;none&quot;,&quot;animation_tablet&quot;:&quot;none&quot;}\">\n\t\t\t\t\t\t<div class=\"elementor-container elementor-column-gap-default\">\n\t\t\t\t<div class=\"elementor-row\">\n\t\t\t\t<div class=\"elementor-element elementor-element-4459162a elementor-column elementor-col-100 elementor-top-column\" data-id=\"4459162a\" data-element_type=\"column\">\n\t\t\t<div class=\"elementor-column-wrap  elementor-element-populated\">\n\t\t\t\t\t<div class=\"elementor-widget-wrap\">\n\t\t\t\t<div class=\"elementor-element elementor-element-f9b9298 animated-fast elementor-invisible elementor-widget elementor-widget-heading\" data-id=\"f9b9298\" data-element_type=\"widget\" data-settings=\"{&quot;_animation&quot;:&quot;none&quot;}\" data-widget_type=\"heading.default\">\n\t\t\t\t<div class=\"elementor-widget-container\">\n\t\t\t<h3 class=\"elementor-heading-title elementor-size-xl\">OBJETIVOS<\/h3>\t\t<\/div>\n\t\t\t\t<\/div>\n\t\t\t\t\t\t<\/div>\n\t\t\t<\/div>\n\t\t<\/div>\n\t\t\t\t\t\t<\/div>\n\t\t\t<\/div>\n\t\t<\/section>\n\t\t\t\t<section class=\"elementor-element elementor-element-5df8967b elementor-section-boxed elementor-section-height-default elementor-section-height-default elementor-section elementor-top-section\" data-id=\"5df8967b\" data-element_type=\"section\">\n\t\t\t\t\t\t<div class=\"elementor-container elementor-column-gap-default\">\n\t\t\t\t<div class=\"elementor-row\">\n\t\t\t\t<div class=\"elementor-element elementor-element-74cbc06a elementor-column elementor-col-100 elementor-top-column\" data-id=\"74cbc06a\" data-element_type=\"column\">\n\t\t\t<div class=\"elementor-column-wrap  elementor-element-populated\">\n\t\t\t\t\t<div class=\"elementor-widget-wrap\">\n\t\t\t\t<div class=\"elementor-element elementor-element-26ea8aee elementor-widget elementor-widget-heading\" data-id=\"26ea8aee\" data-element_type=\"widget\" data-widget_type=\"heading.default\">\n\t\t\t\t<div class=\"elementor-widget-container\">\n\t\t\t<h3 class=\"elementor-heading-title elementor-size-default\">Objetivo Geral<\/h3>\t\t<\/div>\n\t\t\t\t<\/div>\n\t\t\t\t\t\t<\/div>\n\t\t\t<\/div>\n\t\t<\/div>\n\t\t\t\t\t\t<\/div>\n\t\t\t<\/div>\n\t\t<\/section>\n\t\t\t\t<section class=\"elementor-element elementor-element-377f08d5 elementor-section-boxed elementor-section-height-default elementor-section-height-default elementor-section elementor-top-section\" data-id=\"377f08d5\" data-element_type=\"section\">\n\t\t\t\t\t\t<div class=\"elementor-container elementor-column-gap-default\">\n\t\t\t\t<div class=\"elementor-row\">\n\t\t\t\t<div class=\"elementor-element elementor-element-223120e3 elementor-column elementor-col-100 elementor-top-column\" data-id=\"223120e3\" data-element_type=\"column\">\n\t\t\t<div class=\"elementor-column-wrap  elementor-element-populated\">\n\t\t\t\t\t<div class=\"elementor-widget-wrap\">\n\t\t\t\t<div class=\"elementor-element elementor-element-72a72b08 elementor-widget elementor-widget-text-editor\" data-id=\"72a72b08\" data-element_type=\"widget\" data-widget_type=\"text-editor.default\">\n\t\t\t\t<div class=\"elementor-widget-container\">\n\t\t\t\t\t<div class=\"elementor-text-editor elementor-clearfix\"><p>Produzir instrumentos que permitam ao respectivo CBH, ao \u00f3rg\u00e3o gestor dos recursos h\u00eddricos da bacia e demais componentes do Sistema de Gest\u00e3o de Recursos H\u00eddricos gerirem de forma efetiva e sustent\u00e1vel os recursos h\u00eddricos superficiais e subterr\u00e2neos da bacia, de modo a garantir o uso m\u00faltiplo, racional e sustent\u00e1vel em benef\u00edcio das gera\u00e7\u00f5es presentes e futuras.<\/p><\/div>\n\t\t\t\t<\/div>\n\t\t\t\t<\/div>\n\t\t\t\t\t\t<\/div>\n\t\t\t<\/div>\n\t\t<\/div>\n\t\t\t\t\t\t<\/div>\n\t\t\t<\/div>\n\t\t<\/section>\n\t\t\t\t<section class=\"elementor-element elementor-element-383de903 elementor-section-boxed elementor-section-height-default elementor-section-height-default elementor-section elementor-top-section\" data-id=\"383de903\" data-element_type=\"section\">\n\t\t\t\t\t\t<div class=\"elementor-container elementor-column-gap-default\">\n\t\t\t\t<div class=\"elementor-row\">\n\t\t\t\t<div class=\"elementor-element elementor-element-743c5bff elementor-column elementor-col-100 elementor-top-column\" data-id=\"743c5bff\" data-element_type=\"column\">\n\t\t\t<div class=\"elementor-column-wrap  elementor-element-populated\">\n\t\t\t\t\t<div class=\"elementor-widget-wrap\">\n\t\t\t\t<div class=\"elementor-element elementor-element-5239b0fe elementor-widget elementor-widget-heading\" data-id=\"5239b0fe\" data-element_type=\"widget\" data-widget_type=\"heading.default\">\n\t\t\t\t<div class=\"elementor-widget-container\">\n\t\t\t<h3 class=\"elementor-heading-title elementor-size-default\">Objetivos Espec\u00edficos<\/h3>\t\t<\/div>\n\t\t\t\t<\/div>\n\t\t\t\t\t\t<\/div>\n\t\t\t<\/div>\n\t\t<\/div>\n\t\t\t\t\t\t<\/div>\n\t\t\t<\/div>\n\t\t<\/section>\n\t\t\t\t<section class=\"elementor-element elementor-element-5fe76ab1 elementor-section-boxed elementor-section-height-default elementor-section-height-default elementor-section elementor-top-section\" data-id=\"5fe76ab1\" data-element_type=\"section\">\n\t\t\t\t\t\t<div class=\"elementor-container elementor-column-gap-default\">\n\t\t\t\t<div class=\"elementor-row\">\n\t\t\t\t<div class=\"elementor-element elementor-element-3e62e16c elementor-column elementor-col-100 elementor-top-column\" data-id=\"3e62e16c\" data-element_type=\"column\">\n\t\t\t<div class=\"elementor-column-wrap  elementor-element-populated\">\n\t\t\t\t\t<div class=\"elementor-widget-wrap\">\n\t\t\t\t<div class=\"elementor-element elementor-element-12508457 elementor-align-left lista elementor-widget elementor-widget-icon-list\" data-id=\"12508457\" data-element_type=\"widget\" data-widget_type=\"icon-list.default\">\n\t\t\t\t<div class=\"elementor-widget-container\">\n\t\t\t\t\t<ul class=\"elementor-icon-list-items\">\n\t\t\t\t\t\t\t<li class=\"elementor-icon-list-item\" >\n\t\t\t\t\t\t\t\t\t\t\t<span class=\"elementor-icon-list-icon\">\n\t\t\t\t\t\t\t<i aria-hidden=\"true\" class=\"far fa-dot-circle\"><\/i>\t\t\t\t\t\t<\/span>\n\t\t\t\t\t\t\t\t\t\t<span class=\"elementor-icon-list-text\">Estruturar a base de dados das bacias hidrogr\u00e1ficas dos Afluentes do Alto S\u00e3o Francisco relativa \u00e0s caracter\u00edsticas e \u00e0 situa\u00e7\u00e3o dos recursos h\u00eddricos, visando subsidiar a elabora\u00e7\u00e3o e implementa\u00e7\u00e3o de um Sistema Integrado de Recursos H\u00eddricos;<\/span>\n\t\t\t\t\t\t\t\t\t<\/li>\n\t\t\t\t\t\t\t\t<li class=\"elementor-icon-list-item\" >\n\t\t\t\t\t\t\t\t\t\t\t<span class=\"elementor-icon-list-icon\">\n\t\t\t\t\t\t\t<i aria-hidden=\"true\" class=\"far fa-dot-circle\"><\/i>\t\t\t\t\t\t<\/span>\n\t\t\t\t\t\t\t\t\t\t<span class=\"elementor-icon-list-text\">Fomentar o uso m\u00faltiplo, racional e sustent\u00e1vel dos recursos h\u00eddricos das bacias mediante avalia\u00e7\u00e3o e controle das disponibilidades, e determina\u00e7\u00e3o das condi\u00e7\u00f5es em que tem lugar o uso da \u00e1gua, em benef\u00edcio das gera\u00e7\u00f5es presentes e futuras, levando em conta planos setoriais, regionais e locais em andamento ou com implanta\u00e7\u00e3o prevista na bacia;<\/span>\n\t\t\t\t\t\t\t\t\t<\/li>\n\t\t\t\t\t\t\t\t<li class=\"elementor-icon-list-item\" >\n\t\t\t\t\t\t\t\t\t\t\t<span class=\"elementor-icon-list-icon\">\n\t\t\t\t\t\t\t<i aria-hidden=\"true\" class=\"far fa-dot-circle\"><\/i>\t\t\t\t\t\t<\/span>\n\t\t\t\t\t\t\t\t\t\t<span class=\"elementor-icon-list-text\">Integrar os planos, programas, projetos e demais estudos setoriais que envolvam a utiliza\u00e7\u00e3o dos recursos h\u00eddricos das bacias, incorporando-os ao PDRH dentro de suas possibilidades;<\/span>\n\t\t\t\t\t\t\t\t\t<\/li>\n\t\t\t\t\t\t\t\t<li class=\"elementor-icon-list-item\" >\n\t\t\t\t\t\t\t\t\t\t\t<span class=\"elementor-icon-list-icon\">\n\t\t\t\t\t\t\t<i aria-hidden=\"true\" class=\"far fa-dot-circle\"><\/i>\t\t\t\t\t\t<\/span>\n\t\t\t\t\t\t\t\t\t\t<span class=\"elementor-icon-list-text\">Estabelecer diretrizes para a implementa\u00e7\u00e3o dos demais instrumentos de gest\u00e3o dos recursos h\u00eddricos previstos em lei e contribuir para o fortalecimento do Sistema de Gerenciamento de Recursos H\u00eddricos pela articula\u00e7\u00e3o e participa\u00e7\u00e3o de todos os atores sociais e institucionais das bacias ligadas \u00e0 gest\u00e3o dos recursos h\u00eddricos;<\/span>\n\t\t\t\t\t\t\t\t\t<\/li>\n\t\t\t\t\t\t\t\t<li class=\"elementor-icon-list-item\" >\n\t\t\t\t\t\t\t\t\t\t\t<span class=\"elementor-icon-list-icon\">\n\t\t\t\t\t\t\t<i aria-hidden=\"true\" class=\"far fa-dot-circle\"><\/i>\t\t\t\t\t\t<\/span>\n\t\t\t\t\t\t\t\t\t\t<span class=\"elementor-icon-list-text\">Apresentar planos de a\u00e7\u00f5es, contendo um conjunto de metas a serem alcan\u00e7adas no horizonte de abrang\u00eancia do Termo de Refer\u00eancia, voltadas, entre outros, para a revitaliza\u00e7\u00e3o, recupera\u00e7\u00e3o, preserva\u00e7\u00e3o e conserva\u00e7\u00e3o dos recursos h\u00eddricos e ambientais da Bacia Hidrogr\u00e1fica dos Afluentes do Alto S\u00e3o Francisco;<\/span>\n\t\t\t\t\t\t\t\t\t<\/li>\n\t\t\t\t\t\t\t\t<li class=\"elementor-icon-list-item\" >\n\t\t\t\t\t\t\t\t\t\t\t<span class=\"elementor-icon-list-icon\">\n\t\t\t\t\t\t\t<i aria-hidden=\"true\" class=\"far fa-dot-circle\"><\/i>\t\t\t\t\t\t<\/span>\n\t\t\t\t\t\t\t\t\t\t<span class=\"elementor-icon-list-text\">Apresentar proposta de enquadramento dos corpos de \u00e1gua superficiais para a bacia definida pelo Termo de Refer\u00eancia, bem como, plano de a\u00e7\u00f5es para efetiva\u00e7\u00e3o e estimativas de custo para o enquadramento;<\/span>\n\t\t\t\t\t\t\t\t\t<\/li>\n\t\t\t\t\t\t\t\t<li class=\"elementor-icon-list-item\" >\n\t\t\t\t\t\t\t\t\t\t\t<span class=\"elementor-icon-list-icon\">\n\t\t\t\t\t\t\t<i aria-hidden=\"true\" class=\"far fa-dot-circle\"><\/i>\t\t\t\t\t\t<\/span>\n\t\t\t\t\t\t\t\t\t\t<span class=\"elementor-icon-list-text\">Estabelecer metas para melhoria da qualidade das \u00e1guas conforme horizonte de planejamento do Plano da Bacia;<\/span>\n\t\t\t\t\t\t\t\t\t<\/li>\n\t\t\t\t\t\t\t\t<li class=\"elementor-icon-list-item\" >\n\t\t\t\t\t\t\t\t\t\t\t<span class=\"elementor-icon-list-icon\">\n\t\t\t\t\t\t\t<i aria-hidden=\"true\" class=\"far fa-dot-circle\"><\/i>\t\t\t\t\t\t<\/span>\n\t\t\t\t\t\t\t\t\t\t<span class=\"elementor-icon-list-text\">Propor medidas necess\u00e1rias para o aumento de oferta e de uma justa distribui\u00e7\u00e3o de \u00e1gua dispon\u00edvel para as bacias hidrogr\u00e1ficas, acordadas por todos os atores dos segmentos representados na elabora\u00e7\u00e3o do PDRH;<\/span>\n\t\t\t\t\t\t\t\t\t<\/li>\n\t\t\t\t\t\t\t\t<li class=\"elementor-icon-list-item\" >\n\t\t\t\t\t\t\t\t\t\t\t<span class=\"elementor-icon-list-icon\">\n\t\t\t\t\t\t\t<i aria-hidden=\"true\" class=\"far fa-dot-circle\"><\/i>\t\t\t\t\t\t<\/span>\n\t\t\t\t\t\t\t\t\t\t<span class=\"elementor-icon-list-text\">Elaborar Programas de Prote\u00e7\u00e3o das \u00e1guas subterr\u00e2neas, no \u00e2mbito da Bacia Hidrogr\u00e1fica estudada;<br><\/span>\n\t\t\t\t\t\t\t\t\t<\/li>\n\t\t\t\t\t\t\t\t<li class=\"elementor-icon-list-item\" >\n\t\t\t\t\t\t\t\t\t\t\t<span class=\"elementor-icon-list-icon\">\n\t\t\t\t\t\t\t<i aria-hidden=\"true\" class=\"far fa-dot-circle\"><\/i>\t\t\t\t\t\t<\/span>\n\t\t\t\t\t\t\t\t\t\t<span class=\"elementor-icon-list-text\">Propor \u00e1reas e medidas necess\u00e1rias para proteger, recuperar e promover a qualidade dos recursos h\u00eddricos com vistas \u00e0 sa\u00fade humana, \u00e0 vida aqu\u00e1tica e \u00e0 qualidade ambiental;<\/span>\n\t\t\t\t\t\t\t\t\t<\/li>\n\t\t\t\t\t\t\t\t<li class=\"elementor-icon-list-item\" >\n\t\t\t\t\t\t\t\t\t\t\t<span class=\"elementor-icon-list-icon\">\n\t\t\t\t\t\t\t<i aria-hidden=\"true\" class=\"far fa-dot-circle\"><\/i>\t\t\t\t\t\t<\/span>\n\t\t\t\t\t\t\t\t\t\t<span class=\"elementor-icon-list-text\">Conceber a\u00e7\u00f5es destinadas a atenuar as consequ\u00eancias de eventos hidrol\u00f3gicos extremos;<\/span>\n\t\t\t\t\t\t\t\t\t<\/li>\n\t\t\t\t\t\t\t\t<li class=\"elementor-icon-list-item\" >\n\t\t\t\t\t\t\t\t\t\t\t<span class=\"elementor-icon-list-icon\">\n\t\t\t\t\t\t\t<i aria-hidden=\"true\" class=\"far fa-dot-circle\"><\/i>\t\t\t\t\t\t<\/span>\n\t\t\t\t\t\t\t\t\t\t<span class=\"elementor-icon-list-text\">Articular as a\u00e7\u00f5es municipais envolvendo o uso do solo com as diretrizes e interven\u00e7\u00f5es relacionadas ao uso dos recursos h\u00eddricos.<\/span>\n\t\t\t\t\t\t\t\t\t<\/li>\n\t\t\t\t\t\t<\/ul>\n\t\t\t\t<\/div>\n\t\t\t\t<\/div>\n\t\t\t\t\t\t<\/div>\n\t\t\t<\/div>\n\t\t<\/div>\n\t\t\t\t\t\t<\/div>\n\t\t\t<\/div>\n\t\t<\/section>\n\t\t\t\t<section class=\"elementor-element elementor-element-2c609a5 elementor-section-boxed elementor-section-height-default elementor-section-height-default elementor-section elementor-top-section\" data-id=\"2c609a5\" data-element_type=\"section\">\n\t\t\t\t\t\t<div class=\"elementor-container elementor-column-gap-default\">\n\t\t\t\t<div class=\"elementor-row\">\n\t\t\t\t<div class=\"elementor-element elementor-element-5f195b8 elementor-column elementor-col-100 elementor-top-column\" data-id=\"5f195b8\" data-element_type=\"column\">\n\t\t\t<div class=\"elementor-column-wrap  elementor-element-populated\">\n\t\t\t\t\t<div class=\"elementor-widget-wrap\">\n\t\t\t\t<div class=\"elementor-element elementor-element-dd711b5 elementor-widget elementor-widget-spacer\" data-id=\"dd711b5\" data-element_type=\"widget\" data-widget_type=\"spacer.default\">\n\t\t\t\t<div class=\"elementor-widget-container\">\n\t\t\t\t\t<div class=\"elementor-spacer\">\n\t\t\t<div class=\"elementor-spacer-inner\"><\/div>\n\t\t<\/div>\n\t\t\t\t<\/div>\n\t\t\t\t<\/div>\n\t\t\t\t\t\t<\/div>\n\t\t\t<\/div>\n\t\t<\/div>\n\t\t\t\t\t\t<\/div>\n\t\t\t<\/div>\n\t\t<\/section>\n\t\t\t\t\t\t<\/div>\n\t\t\t<\/div>\n\t\t<\/div>\n\t\t","protected":false},"excerpt":{"rendered":"<p>O PLANO O Plano Diretor de Recursos H\u00eddricos (PDRH) e o Enquadramento de Corpos de \u00c1gua (ECA) para a Bacia Hidrogr\u00e1fica dos Afluentes do Alto S\u00e3o Francisco visam fundamentar e orientar a gest\u00e3o dos recursos h\u00eddricos na bacia, de forma a identificar os principais problemas e conflitos relacionados aos usos de \u00e1gua, propor alternativas de &hellip;<\/p>\n<p class=\"read-more\"> <a class=\"\" href=\"https:\/\/pdrhsf1.com.br\/?page_id=4412\"> <span class=\"screen-reader-text\">O PLANO<\/span> Leia mais &raquo;<\/a><\/p>\n","protected":false},"author":1,"featured_media":0,"parent":0,"menu_order":0,"comment_status":"closed","ping_status":"closed","template":"","meta":{"footnotes":""},"class_list":["post-4412","page","type-page","status-publish","hentry"],"_links":{"self":[{"href":"https:\/\/pdrhsf1.com.br\/index.php?rest_route=\/wp\/v2\/pages\/4412","targetHints":{"allow":["GET"]}}],"collection":[{"href":"https:\/\/pdrhsf1.com.br\/index.php?rest_route=\/wp\/v2\/pages"}],"about":[{"href":"https:\/\/pdrhsf1.com.br\/index.php?rest_route=\/wp\/v2\/types\/page"}],"author":[{"embeddable":true,"href":"https:\/\/pdrhsf1.com.br\/index.php?rest_route=\/wp\/v2\/users\/1"}],"replies":[{"embeddable":true,"href":"https:\/\/pdrhsf1.com.br\/index.php?rest_route=%2Fwp%2Fv2%2Fcomments&post=4412"}],"version-history":[{"count":19,"href":"https:\/\/pdrhsf1.com.br\/index.php?rest_route=\/wp\/v2\/pages\/4412\/revisions"}],"predecessor-version":[{"id":6448,"href":"https:\/\/pdrhsf1.com.br\/index.php?rest_route=\/wp\/v2\/pages\/4412\/revisions\/6448"}],"wp:attachment":[{"href":"https:\/\/pdrhsf1.com.br\/index.php?rest_route=%2Fwp%2Fv2%2Fmedia&parent=4412"}],"curies":[{"name":"wp","href":"https:\/\/api.w.org\/{rel}","templated":true}]}}